{"id":1141,"date":"2022-10-17T12:49:29","date_gmt":"2022-10-17T12:49:29","guid":{"rendered":"https:\/\/expansiva.comexpansiva\/"},"modified":"2026-04-14T07:19:41","modified_gmt":"2026-04-14T07:19:41","slug":"expansiva","status":"publish","type":"page","link":"https:\/\/expansiva.com\/ca\/expansiva\/","title":{"rendered":"Expansiva"},"content":{"rendered":"<section class=\"l-section wpb_row us_custom_4fb9e5a3 height_auto\" id=\"expansiva\"><div class=\"l-section-h i-cf\"><div class=\"g-cols vc_row via_grid cols_1 laptops-cols_inherit tablets-cols_inherit mobiles-cols_1 valign_top type_default stacking_default\"><div class=\"wpb_column vc_column_container\"><div class=\"vc_column-inner\"><div class=\"w-separator size_medium\"><\/div><div class=\"w-separator size_medium\"><\/div><div class=\"g-cols wpb_row row-80 via_grid cols_2 laptops-cols_inherit tablets-cols_inherit mobiles-cols_1 valign_top type_default stacking_default\"><div class=\"wpb_column vc_column_container\"><div class=\"vc_column-inner\"><h2 class=\"w-text us_custom_ae99f6aa has_text_color\"><span class=\"w-text-h\"><span class=\"w-text-value\">Sobre Nosaltres<\/span><\/span><\/h2><div class=\"w-separator size_small\"><\/div><div class=\"wpb_text_column us_custom_ae99f6aa has_text_color\"><div class=\"wpb_wrapper\"><p>Expansiva \u00e9s una Central Receptora d&#8217;Alarmes en l&#8217;\u00e0mbit nacional i homologada per la Direcci\u00f3 General de la Policia amb el N\u00fam. 3762, que vetllem per la seguretat dels clients les 24 hores els 365 dies de l&#8217;any.<\/p>\n<p>Guardonada en 2016 amb el Certificat d&#8217;Efici\u00e8ncia de la Generalitat de Catalunya, per la seva gesti\u00f3 de verificacions i comunicacions d&#8217;alarmes en la comunitat de Catalunya.<\/p>\n<\/div><\/div><\/div><\/div><div class=\"wpb_column vc_column_container\"><div class=\"vc_column-inner\"><div class=\"w-image us_custom_29121159 align_center\"><div class=\"w-image-h\"><img loading=\"lazy\" decoding=\"async\" width=\"623\" height=\"438\" src=\"https:\/\/expansiva.com\/wp-content\/uploads\/2026\/04\/expansiva-espacio-oficina.jpg\" class=\"attachment-full size-full\" alt=\"\" srcset=\"https:\/\/expansiva.com\/wp-content\/uploads\/2026\/04\/expansiva-espacio-oficina.jpg 623w, https:\/\/expansiva.com\/wp-content\/uploads\/2026\/04\/expansiva-espacio-oficina-300x211.jpg 300w, https:\/\/expansiva.com\/wp-content\/uploads\/2026\/04\/expansiva-espacio-oficina-90x63.jpg 90w\" sizes=\"auto, (max-width: 623px) 100vw, 623px\" \/><\/div><\/div><\/div><\/div><\/div><div class=\"g-cols wpb_row row-80 via_grid cols_2 laptops-cols_inherit tablets-cols_inherit mobiles-cols_1 valign_top type_default stacking_default\"><div class=\"wpb_column vc_column_container\"><div class=\"vc_column-inner\"><div class=\"w-image us_custom_29121159 align_center\"><div class=\"w-image-h\"><img loading=\"lazy\" decoding=\"async\" width=\"623\" height=\"438\" src=\"https:\/\/expansiva.com\/wp-content\/uploads\/2026\/04\/somos-expansiva-seguridad.jpg\" class=\"attachment-full size-full\" alt=\"\" srcset=\"https:\/\/expansiva.com\/wp-content\/uploads\/2026\/04\/somos-expansiva-seguridad.jpg 623w, https:\/\/expansiva.com\/wp-content\/uploads\/2026\/04\/somos-expansiva-seguridad-300x211.jpg 300w, https:\/\/expansiva.com\/wp-content\/uploads\/2026\/04\/somos-expansiva-seguridad-90x63.jpg 90w\" sizes=\"auto, (max-width: 623px) 100vw, 623px\" \/><\/div><\/div><div class=\"w-separator size_small\"><\/div><\/div><\/div><div class=\"wpb_column vc_column_container\"><div class=\"vc_column-inner\"><h2 class=\"w-text us_custom_ae99f6aa has_text_color\"><span class=\"w-text-h\"><span class=\"w-text-value\">Que oferim<\/span><\/span><\/h2><div class=\"w-separator size_small\"><\/div><div class=\"wpb_text_column us_custom_ae99f6aa has_text_color\"><div class=\"wpb_wrapper\"><p>Protecci\u00f3, qualitat de vida, les noves tecnologies i la confian\u00e7a s\u00f3n la base de la filosofia d&#8217;Expansiva. La nostra experi\u00e8ncia, l&#8217;alt grau de comprom\u00eds amb els clients finals i la nostra confidencialitat, s\u00f3n la base del nostre \u00e8xit en el camp de la seguretat. Els nostres dos actius principals: el nostre gran equip hum\u00e0 format per operadors titulats i especialistes altament qualificats, i nostra CRA d&#8217;\u00faltima generaci\u00f3.<\/p>\n<\/div><\/div><\/div><\/div><\/div><div class=\"g-cols wpb_row row-80 via_grid cols_2 laptops-cols_inherit tablets-cols_inherit mobiles-cols_1 valign_top type_default stacking_default\"><div class=\"wpb_column vc_column_container\"><div class=\"vc_column-inner\"><h2 class=\"w-text us_custom_ae99f6aa has_text_color\"><span class=\"w-text-h\"><span class=\"w-text-value\">La nostra missi\u00f3<\/span><\/span><\/h2><div class=\"w-separator size_small\"><\/div><div class=\"wpb_text_column us_custom_ae99f6aa has_text_color\"><div class=\"wpb_wrapper\"><p>Des dels nostres inicis l&#8217;evoluci\u00f3 ha estat constant i ordenada fins a l&#8217;actualitat. Adaptant els nostres equips dia a dia a les noves necessitats del mercat, oferint:<\/p>\n<p>&nbsp;<\/p>\n<ul>\n<li><strong>M\u00e0xima celeritat en les gestions<\/strong><\/li>\n<li><strong>Control exhaustiu de les alarmes mitjan\u00e7ant v\u00eddeo verificaci\u00f3<\/strong><\/li>\n<li><strong>Comptar amb les millors eines de tecnologia d&#8217;avantguarda<\/strong><\/li>\n<li><strong>Formaci\u00f3 continuada dels nostres empleats<\/strong><\/li>\n<li><strong>Treball organitzat en equip<\/strong><\/li>\n<\/ul>\n<p>Per\u00f2 m\u00e9s enll\u00e0 de tots els elements tecnol\u00f2gics, podem afirmar que la clau est\u00e0 a disposar del millor equip hum\u00e0 altament qualificat, que ens permet oferir les millors solucions i resposta en el moment prec\u00eds, amb la dilig\u00e8ncia i el protocol requerit. I \u00e9s aix\u00ed perqu\u00e8 el nostre treball ens apassiona.<\/p>\n<\/div><\/div><div class=\"w-separator size_small\"><\/div><\/div><\/div><div class=\"wpb_column vc_column_container\"><div class=\"vc_column-inner\"><div class=\"w-image us_custom_29121159 align_center\"><div class=\"w-image-h\"><img loading=\"lazy\" decoding=\"async\" width=\"1329\" height=\"897\" src=\"https:\/\/expansiva.com\/wp-content\/uploads\/2023\/01\/Projecte-expansiva-foto.jpg\" class=\"attachment-full size-full\" alt=\"\" srcset=\"https:\/\/expansiva.com\/wp-content\/uploads\/2023\/01\/Projecte-expansiva-foto.jpg 1329w, https:\/\/expansiva.com\/wp-content\/uploads\/2023\/01\/Projecte-expansiva-foto-300x202.jpg 300w, https:\/\/expansiva.com\/wp-content\/uploads\/2023\/01\/Projecte-expansiva-foto-1024x691.jpg 1024w, https:\/\/expansiva.com\/wp-content\/uploads\/2023\/01\/Projecte-expansiva-foto-90x61.jpg 90w\" sizes=\"auto, (max-width: 1329px) 100vw, 1329px\" \/><\/div><\/div><\/div><\/div><\/div><div class=\"w-separator size_large\"><\/div><\/div><\/div><\/div><\/div><\/section><section class=\"l-section wpb_row us_custom_db20d2a6 height_huge width_full with_shape\"><div class=\"l-section-shape type_wave pos_top hor_flip\" style=\"color:#ffffff\"><svg xmlns=\"http:\/\/www.w3.org\/2000\/svg\" viewBox=\"0 4 64 4\" preserveAspectRatio=\"none\" width=\"100%\" height=\"100%\">\r\n\t<path fill=\"currentColor\" d=\"M64 6 C32 0 32 12 0 6 L0 8 L64 8 Z\"\/>\r\n<\/svg><\/div><div class=\"l-section-h i-cf\"><div class=\"g-cols vc_row via_grid cols_1 laptops-cols_inherit tablets-cols_inherit mobiles-cols_1 valign_top type_default stacking_default\"><div class=\"wpb_column vc_column_container\"><div class=\"vc_column-inner\"><div class=\"g-cols wpb_row row-80 via_grid cols_1 laptops-cols_inherit tablets-cols_inherit mobiles-cols_1 valign_middle type_default stacking_default\"><div class=\"wpb_column vc_column_container\"><div class=\"vc_column-inner\"><h1 class=\"w-text us_custom_d44d8758 has_text_color\"><span class=\"w-text-h\"><span class=\"w-text-value\">CRA 24 Hores<\/span><\/span><\/h1><div class=\"w-separator size_medium\"><\/div><div class=\"w-btn-wrapper align_center\"><a class=\"w-btn us-btn-style_2\" href=\"tel:+34931987045\"><span class=\"w-btn-label\">Truca ara<\/span><\/a><\/div><\/div><\/div><\/div><\/div><\/div><\/div><\/div><\/section><section class=\"l-section wpb_row height_auto\"><div class=\"l-section-h i-cf\"><div class=\"g-cols vc_row via_grid cols_1 laptops-cols_inherit tablets-cols_inherit mobiles-cols_1 valign_top type_default stacking_default\"><div class=\"wpb_column vc_column_container\"><div class=\"vc_column-inner\"><div class=\"w-html\"><div class=\"floating-left\"><a href=\"tel:+34931987045\">TRUCA'NS 931 987 045<\/a><\/div><\/div><\/div><\/div><\/div><\/div><\/section>\n","protected":false},"excerpt":{"rendered":"Sobre NosaltresExpansiva \u00e9s una Central Receptora d&#8217;Alarmes en l&#8217;\u00e0mbit nacional i homologada per la Direcci\u00f3 General de la Policia amb el N\u00fam. 3762, que vetllem per la seguretat dels clients les 24 hores els 365 dies de l&#8217;any. Guardonada en 2016 amb el Certificat d&#8217;Efici\u00e8ncia de la Generalitat de Catalunya, per la seva gesti\u00f3 de...","protected":false},"author":1,"featured_media":0,"parent":0,"menu_order":0,"comment_status":"closed","ping_status":"closed","template":"","meta":{"_joinchat":[],"footnotes":""},"class_list":["post-1141","page","type-page","status-publish","hentry"],"_links":{"self":[{"href":"https:\/\/expansiva.com\/ca\/wp-json\/wp\/v2\/pages\/1141","targetHints":{"allow":["GET"]}}],"collection":[{"href":"https:\/\/expansiva.com\/ca\/wp-json\/wp\/v2\/pages"}],"about":[{"href":"https:\/\/expansiva.com\/ca\/wp-json\/wp\/v2\/types\/page"}],"author":[{"embeddable":true,"href":"https:\/\/expansiva.com\/ca\/wp-json\/wp\/v2\/users\/1"}],"replies":[{"embeddable":true,"href":"https:\/\/expansiva.com\/ca\/wp-json\/wp\/v2\/comments?post=1141"}],"version-history":[{"count":12,"href":"https:\/\/expansiva.com\/ca\/wp-json\/wp\/v2\/pages\/1141\/revisions"}],"predecessor-version":[{"id":13178,"href":"https:\/\/expansiva.com\/ca\/wp-json\/wp\/v2\/pages\/1141\/revisions\/13178"}],"wp:attachment":[{"href":"https:\/\/expansiva.com\/ca\/wp-json\/wp\/v2\/media?parent=1141"}],"curies":[{"name":"wp","href":"https:\/\/api.w.org\/{rel}","templated":true}]}}