{"id":1145,"date":"2022-10-17T12:50:06","date_gmt":"2022-10-17T12:50:06","guid":{"rendered":"https:\/\/expansiva.comservicios\/"},"modified":"2026-03-03T11:02:12","modified_gmt":"2026-03-03T11:02:12","slug":"servicios","status":"publish","type":"page","link":"https:\/\/expansiva.com\/ca\/servicios\/","title":{"rendered":"Serveis"},"content":{"rendered":"<section class=\"l-section wpb_row us_custom_9276fac7 height_small with_shape\" id=\"seguretat\"><div class=\"l-section-shape type_wave pos_bottom\" style=\"color:#ffffff\"><svg xmlns=\"http:\/\/www.w3.org\/2000\/svg\" viewBox=\"0 4 64 4\" preserveAspectRatio=\"none\" width=\"100%\" height=\"100%\">\r\n\t<path fill=\"currentColor\" d=\"M64 6 C32 0 32 12 0 6 L0 8 L64 8 Z\"\/>\r\n<\/svg><\/div><div class=\"l-section-h i-cf\"><div class=\"g-cols vc_row via_grid cols_1 laptops-cols_inherit tablets-cols_inherit mobiles-cols_1 valign_top type_default stacking_default\"><div class=\"wpb_column vc_column_container\"><div class=\"vc_column-inner\"><div class=\"g-cols wpb_row row-80 via_grid cols_1 laptops-cols_inherit tablets-cols_inherit mobiles-cols_1 valign_top type_default stacking_default\"><div class=\"wpb_column vc_column_container\"><div class=\"vc_column-inner\"><h2 class=\"w-text us_custom_d44d8758 has_text_color\"><span class=\"w-text-h\"><span class=\"w-text-value\">Els Nostres Serveis<\/span><\/span><\/h2><div class=\"w-separator size_small\"><\/div><div class=\"wpb_text_column\"><div class=\"wpb_wrapper\"><h4 style=\"text-align: center;\"><span style=\"color: #ffffff;\">\u00danicament per a empreses i professionals del sector.<\/span><\/h4>\n<p style=\"text-align: center;\"><span style=\"color: #ffffff;\">Som conscients que la tecnologia cada vegada cobra un nivell major en el dia a dia de les persones, i com a consumidors estem molt connectats, desitjant una atenci\u00f3 immediata, personalitzada i amb disponibilitat les 24 hores els 7 dies de la setmana. Per aquest motiu, cada dia ens esforcem a oferir una millor atenci\u00f3 a trav\u00e9s de les noves tecnologies. Oferim una s\u00e8rie de serveis per a portar la seguretat al m\u00e0xim nivell.<\/span><\/p>\n<\/div><\/div><div class=\"w-separator size_medium\"><\/div><div class=\"w-separator size_medium\"><\/div><\/div><\/div><\/div><\/div><\/div><\/div><\/div><\/section><section class=\"l-section wpb_row us_custom_4fb9e5a3 height_custom\"><div class=\"l-section-h i-cf\"><div class=\"g-cols vc_row via_grid cols_1 laptops-cols_inherit tablets-cols_inherit mobiles-cols_1 valign_top type_default stacking_default\"><div class=\"wpb_column vc_column_container\"><div class=\"vc_column-inner\"><div class=\"g-cols wpb_row cards-container via_grid cols_3 laptops-cols_inherit tablets-cols_inherit mobiles-cols_1 valign_top type_default stacking_default\"><div class=\"wpb_column vc_column_container\"><div class=\"vc_column-inner\"><div class=\"w-flipbox hover-box animation_cardflip direction_w\"><div class=\"w-flipbox-h easing_ease\" style=\"transition-duration:0.5s;\"><div class=\"w-flipbox-hh\"><div class=\"w-flipbox-front us_custom_1bdf7c9a\" style=\"background:#e8e8e8;\"><div class=\"w-flipbox-front-h\"><h4 class=\"w-flipbox-front-title\">SISTEMES D&#8217; INTRUSI\u00d3<\/h4><div class=\"w-flipbox-front-icon type_image\" style=\"width:4rem;\"><img loading=\"lazy\" decoding=\"async\" width=\"150\" height=\"150\" src=\"https:\/\/expansiva.com\/wp-content\/uploads\/2023\/01\/sistema-intrusion.png\" class=\"attachment-medium size-medium\" alt=\"\" srcset=\"https:\/\/expansiva.com\/wp-content\/uploads\/2023\/01\/sistema-intrusion.png 150w, https:\/\/expansiva.com\/wp-content\/uploads\/2023\/01\/sistema-intrusion-110x110.png 110w, https:\/\/expansiva.com\/wp-content\/uploads\/2023\/01\/sistema-intrusion-90x90.png 90w\" sizes=\"auto, (max-width: 150px) 100vw, 150px\" \/><\/div><\/div><\/div><div class=\"w-flipbox-back us_custom_1bdf7c9a\" style=\"display:none;color:#ffffff;background-image:url(https:\/\/expansiva.com\/wp-content\/uploads\/2026\/03\/1-1024x1024.jpg);\"><div class=\"w-flipbox-back-h\"><h4 class=\"w-flipbox-back-title\">SISTEMES D&#8217; INTRUSI\u00d3<\/h4><div class=\"w-flipbox-back-desc\"><p>Des que es rep l'esdeveniment a gestionar del panell d'intrusi\u00f3 (Robatori, atracament, sabotatge, alarma t\u00e8cnica, etc.), realitzem la verificaci\u00f3 i en cas de confirmar un possible cas positiu, immediatament cursarem av\u00eds a les forces i cossos de Seguretat, Cust\u00f2dia de claus, Serveis m\u00e8dics\u2026 segons es requereixi.<\/p>\n<\/div><\/div><\/div><\/div><\/div><\/div><\/div><\/div><div class=\"wpb_column vc_column_container\"><div class=\"vc_column-inner\"><div class=\"w-flipbox hover-box animation_cardflip direction_w\"><div class=\"w-flipbox-h easing_ease\" style=\"transition-duration:0.5s;\"><div class=\"w-flipbox-hh\"><div class=\"w-flipbox-front us_custom_1bdf7c9a\" style=\"background:#e8e8e8;\"><div class=\"w-flipbox-front-h\"><h4 class=\"w-flipbox-front-title\">ESDEVENIMENTS D&#8217;INCENDI<\/h4><div class=\"w-flipbox-front-icon type_image\" style=\"width:4rem;\"><img loading=\"lazy\" decoding=\"async\" width=\"150\" height=\"150\" src=\"https:\/\/expansiva.com\/wp-content\/uploads\/2023\/01\/fuego-icono-1.png\" class=\"attachment-medium size-medium\" alt=\"\" srcset=\"https:\/\/expansiva.com\/wp-content\/uploads\/2023\/01\/fuego-icono-1.png 150w, https:\/\/expansiva.com\/wp-content\/uploads\/2023\/01\/fuego-icono-1-110x110.png 110w, https:\/\/expansiva.com\/wp-content\/uploads\/2023\/01\/fuego-icono-1-90x90.png 90w\" sizes=\"auto, (max-width: 150px) 100vw, 150px\" \/><\/div><\/div><\/div><div class=\"w-flipbox-back us_custom_1bdf7c9a\" style=\"display:none;color:#ffffff;background-image:url(https:\/\/expansiva.com\/wp-content\/uploads\/2026\/03\/2-1024x1024.jpg);\"><div class=\"w-flipbox-back-h\"><h4 class=\"w-flipbox-back-title\">ESDEVENIMENTS D&#8217;INCENDI<\/h4><div class=\"w-flipbox-back-desc\"><p>Adaptant-nos a les noves normatives de detecci\u00f3 d'incendi, oferim el servei de recepci\u00f3 directa de panells de detecci\u00f3 exclusius a aquest efecte (Foc, avaria, fallades de corrent, etc.), realitzem les verificacions pertinents i en cas que es confirmi un possible incendi es cursar\u00e0 av\u00eds als Bombers.<\/p>\n<\/div><\/div><\/div><\/div><\/div><\/div><\/div><\/div><div class=\"wpb_column vc_column_container\"><div class=\"vc_column-inner\"><div class=\"w-flipbox hover-box animation_cardflip direction_w\"><div class=\"w-flipbox-h easing_ease\" style=\"transition-duration:0.5s;\"><div class=\"w-flipbox-hh\"><div class=\"w-flipbox-front us_custom_1bdf7c9a\" style=\"background:#e8e8e8;\"><div class=\"w-flipbox-front-h\"><h4 class=\"w-flipbox-front-title\">ANAL\u00cdTICA DE V\u00cdDEO<\/h4><div class=\"w-flipbox-front-icon type_image\" style=\"width:4rem;\"><img loading=\"lazy\" decoding=\"async\" width=\"150\" height=\"150\" src=\"https:\/\/expansiva.com\/wp-content\/uploads\/2023\/01\/analitica-video.png\" class=\"attachment-medium size-medium\" alt=\"\" srcset=\"https:\/\/expansiva.com\/wp-content\/uploads\/2023\/01\/analitica-video.png 150w, https:\/\/expansiva.com\/wp-content\/uploads\/2023\/01\/analitica-video-110x110.png 110w, https:\/\/expansiva.com\/wp-content\/uploads\/2023\/01\/analitica-video-90x90.png 90w\" sizes=\"auto, (max-width: 150px) 100vw, 150px\" \/><\/div><\/div><\/div><div class=\"w-flipbox-back us_custom_1bdf7c9a\" style=\"display:none;color:#ffffff;background-image:url(https:\/\/expansiva.com\/wp-content\/uploads\/2026\/03\/3-1024x1024.jpg);\"><div class=\"w-flipbox-back-h\"><h4 class=\"w-flipbox-back-title\">ANAL\u00cdTICA DE VIDEO<\/h4><div class=\"w-flipbox-back-desc\"><p>\u00c9s la soluci\u00f3 m\u00e9s potent actualment dins del sector de la intrusi\u00f3, ja que, mitjan\u00e7ant l'an\u00e0lisi de v\u00eddeo de les imatges de les c\u00e0meres, podem rebre l'esdeveniment d'aquesta detecci\u00f3 al costat del clip de v\u00eddeo, amb l'enquadrament del possible intr\u00fas. Descartant les falses alarmes per tal de no molestar al client.<\/p>\n<\/div><\/div><\/div><\/div><\/div><\/div><\/div><\/div><\/div><div class=\"w-separator size_large\"><\/div><div class=\"g-cols wpb_row cards-container via_grid cols_3 laptops-cols_inherit tablets-cols_inherit mobiles-cols_1 valign_top type_default stacking_default\"><div class=\"wpb_column vc_column_container\"><div class=\"vc_column-inner\"><div class=\"w-flipbox hover-box animation_cardflip direction_w\"><div class=\"w-flipbox-h easing_ease\" style=\"transition-duration:0.5s;\"><div class=\"w-flipbox-hh\"><div class=\"w-flipbox-front us_custom_1bdf7c9a\" style=\"background:#e8e8e8;\"><div class=\"w-flipbox-front-h\"><h4 class=\"w-flipbox-front-title\">SMARTPHONE \/ SMART WATCH<\/h4><div class=\"w-flipbox-front-icon type_image\" style=\"width:4rem;\"><img loading=\"lazy\" decoding=\"async\" width=\"150\" height=\"150\" src=\"https:\/\/expansiva.com\/wp-content\/uploads\/2023\/01\/smartphone-watch-icono.png\" class=\"attachment-medium size-medium\" alt=\"\" srcset=\"https:\/\/expansiva.com\/wp-content\/uploads\/2023\/01\/smartphone-watch-icono.png 150w, https:\/\/expansiva.com\/wp-content\/uploads\/2023\/01\/smartphone-watch-icono-110x110.png 110w, https:\/\/expansiva.com\/wp-content\/uploads\/2023\/01\/smartphone-watch-icono-90x90.png 90w\" sizes=\"auto, (max-width: 150px) 100vw, 150px\" \/><\/div><\/div><\/div><div class=\"w-flipbox-back us_custom_1bdf7c9a\" style=\"display:none;color:#ffffff;background-image:url(https:\/\/expansiva.com\/wp-content\/uploads\/2026\/03\/4-1024x1024.jpg);\"><div class=\"w-flipbox-back-h\"><h4 class=\"w-flipbox-back-title\">SMARTPHONE \/ SMART WATCH<\/h4><div class=\"w-flipbox-back-desc\"><p>Disposem d'una aplicaci\u00f3 per a la comunicaci\u00f3 d'emerg\u00e8ncies v\u00e0ries. Com a alarmes SOS, Assist\u00e8ncia, Alarma m\u00e8dica, Incendi, SOS demorat. Totalment configurable al gust del client final i apte per a qualsevol terminal m\u00f2bil.<\/p>\n<\/div><\/div><\/div><\/div><\/div><\/div><\/div><\/div><div class=\"wpb_column vc_column_container\"><div class=\"vc_column-inner\"><div class=\"w-flipbox hover-box animation_cardflip direction_w\"><div class=\"w-flipbox-h easing_ease\" style=\"transition-duration:0.5s;\"><div class=\"w-flipbox-hh\"><div class=\"w-flipbox-front us_custom_1bdf7c9a\" style=\"background:#e8e8e8;\"><div class=\"w-flipbox-front-h\"><h4 class=\"w-flipbox-front-title\">ALARMES PERSONALS<\/h4><div class=\"w-flipbox-front-icon type_image\" style=\"width:4rem;\"><img loading=\"lazy\" decoding=\"async\" width=\"150\" height=\"150\" src=\"https:\/\/expansiva.com\/wp-content\/uploads\/2023\/01\/alarmas-personales-icono-1.png\" class=\"attachment-medium size-medium\" alt=\"\" srcset=\"https:\/\/expansiva.com\/wp-content\/uploads\/2023\/01\/alarmas-personales-icono-1.png 150w, https:\/\/expansiva.com\/wp-content\/uploads\/2023\/01\/alarmas-personales-icono-1-110x110.png 110w, https:\/\/expansiva.com\/wp-content\/uploads\/2023\/01\/alarmas-personales-icono-1-90x90.png 90w\" sizes=\"auto, (max-width: 150px) 100vw, 150px\" \/><\/div><\/div><\/div><div class=\"w-flipbox-back us_custom_1bdf7c9a\" style=\"display:none;color:#ffffff;background-image:url(https:\/\/expansiva.com\/wp-content\/uploads\/2026\/03\/5-1024x1024.jpg);\"><div class=\"w-flipbox-back-h\"><h4 class=\"w-flipbox-back-title\">ALARMES PERSONALS<\/h4><div class=\"w-flipbox-back-desc\"><p>S\u00f3n una eina dirigida a diferents perfils d'usuaris. Com la recepci\u00f3 d'emerg\u00e8ncies m\u00e8diques generades per persones majors o amb algun problema de mobilitat.<br \/>\nO un altre cas \u00e9s la detecci\u00f3 de la inactivitat d'una persona realitzant un servei en solitud \u201cHome mort\u201d.<br \/>\nEn tots dos casos dur\u00edem a terme un seguiment i segons el protocol establert.<\/p>\n<\/div><\/div><\/div><\/div><\/div><\/div><\/div><\/div><div class=\"wpb_column vc_column_container\"><div class=\"vc_column-inner\"><div class=\"w-flipbox hover-box animation_cardflip direction_w\"><div class=\"w-flipbox-h easing_ease\" style=\"transition-duration:0.5s;\"><div class=\"w-flipbox-hh\"><div class=\"w-flipbox-front us_custom_1bdf7c9a\" style=\"background:#e8e8e8;\"><div class=\"w-flipbox-front-h\"><h4 class=\"w-flipbox-front-title\">CONTROL DE FLOTES<\/h4><div class=\"w-flipbox-front-icon type_image\" style=\"width:4rem;\"><img loading=\"lazy\" decoding=\"async\" width=\"150\" height=\"150\" src=\"https:\/\/expansiva.com\/wp-content\/uploads\/2023\/01\/flota-icono-150x150-1.png\" class=\"attachment-medium size-medium\" alt=\"\" srcset=\"https:\/\/expansiva.com\/wp-content\/uploads\/2023\/01\/flota-icono-150x150-1.png 150w, https:\/\/expansiva.com\/wp-content\/uploads\/2023\/01\/flota-icono-150x150-1-110x110.png 110w, https:\/\/expansiva.com\/wp-content\/uploads\/2023\/01\/flota-icono-150x150-1-90x90.png 90w\" sizes=\"auto, (max-width: 150px) 100vw, 150px\" \/><\/div><\/div><\/div><div class=\"w-flipbox-back us_custom_1bdf7c9a\" style=\"display:none;color:#ffffff;background-image:url(https:\/\/expansiva.com\/wp-content\/uploads\/2026\/03\/6-1024x1024.jpg);\"><div class=\"w-flipbox-back-h\"><h4 class=\"w-flipbox-back-title\">CONTROL DE FLOTES<\/h4><div class=\"w-flipbox-back-desc\"><p>Recepci\u00f3 a temps real en cas de robatori de vehicles, sensors varis (Combustible, alta temperatura, etc.), imatges en viu i geolocalitzaci\u00f3 per a realitzar el seguiment segons la ubicaci\u00f3.<\/p>\n<\/div><\/div><\/div><\/div><\/div><\/div><\/div><\/div><\/div><div class=\"w-separator size_huge\"><\/div><\/div><\/div><\/div><\/div><\/section><section class=\"l-section wpb_row height_auto with_shape\"><div class=\"l-section-overlay\" style=\"background:linear-gradient(180deg,rgba(0,0,0,0.65),#999999)\"><\/div><div class=\"l-section-shape type_wave pos_top hor_flip\" style=\"color:#ffffff\"><svg xmlns=\"http:\/\/www.w3.org\/2000\/svg\" viewBox=\"0 4 64 4\" preserveAspectRatio=\"none\" width=\"100%\" height=\"100%\">\r\n\t<path fill=\"currentColor\" d=\"M64 6 C32 0 32 12 0 6 L0 8 L64 8 Z\"\/>\r\n<\/svg><\/div><div class=\"l-section-h i-cf\"><div class=\"g-cols vc_row via_grid cols_1 laptops-cols_inherit tablets-cols_inherit mobiles-cols_1 valign_top type_default stacking_default\"><div class=\"wpb_column vc_column_container\"><div class=\"vc_column-inner\"><div class=\"w-separator us_custom_a92bf69e size_small\"><\/div><div class=\"w-separator us_custom_a92bf69e size_huge\"><\/div><div class=\"g-cols wpb_row row-80 via_grid cols_1 laptops-cols_inherit tablets-cols_inherit mobiles-cols_1 valign_top type_default stacking_default\"><div class=\"wpb_column vc_column_container stretched\"><div class=\"vc_column-inner\"><h2 class=\"w-text us_custom_d44d8758 has_text_color\"><span class=\"w-text-h\"><span class=\"w-text-value\">Assessorament personalitzat i solucions a mesura<\/span><\/span><\/h2><div class=\"w-separator size_small\"><\/div><\/div><\/div><\/div><\/div><\/div><\/div><\/div><\/section><section class=\"l-section wpb_row us_custom_4fb9e5a3 height_auto\" id=\"contacte\"><div class=\"l-section-h i-cf\"><div class=\"g-cols vc_row via_grid cols_1 laptops-cols_inherit tablets-cols_inherit mobiles-cols_1 valign_top type_default stacking_default\"><div class=\"wpb_column vc_column_container\"><div class=\"vc_column-inner\"><div class=\"g-cols wpb_row row-80 via_grid cols_1 laptops-cols_inherit tablets-cols_inherit mobiles-cols_1 valign_top type_default stacking_default\"><div class=\"wpb_column vc_column_container\"><div class=\"vc_column-inner\"><h2 class=\"w-text us_custom_eb849559\"><span class=\"w-text-h\"><span class=\"w-text-value\">Si vols m\u00e9s informaci\u00f3<\/span><\/span><\/h2><div class=\"w-separator size_small\"><\/div><h5 class=\"w-text us_custom_eb849559\"><span class=\"w-text-h\"><span class=\"w-text-value\">OMPLE EL FORMULARI I RESOLDREM ELS TEUS DUBTES.<\/span><\/span><\/h5><div class=\"w-separator size_medium\"><\/div>\n<div class=\"wpcf7 no-js\" id=\"wpcf7-f1138-o1\" lang=\"ca\" dir=\"ltr\" data-wpcf7-id=\"1138\">\n<div class=\"screen-reader-response\"><p role=\"status\" aria-live=\"polite\" aria-atomic=\"true\"><\/p> <ul><\/ul><\/div>\n<form action=\"\/ca\/wp-json\/wp\/v2\/pages\/1145#wpcf7-f1138-o1\" method=\"post\" class=\"wpcf7-form init\" aria-label=\"Formulari de contacte\" novalidate=\"novalidate\" data-status=\"init\">\n<fieldset class=\"hidden-fields-container\"><input type=\"hidden\" name=\"_wpcf7\" value=\"1138\" \/><input type=\"hidden\" name=\"_wpcf7_version\" value=\"6.1.5\" \/><input type=\"hidden\" name=\"_wpcf7_locale\" value=\"ca\" \/><input type=\"hidden\" name=\"_wpcf7_unit_tag\" value=\"wpcf7-f1138-o1\" \/><input type=\"hidden\" name=\"_wpcf7_container_post\" value=\"0\" \/><input type=\"hidden\" name=\"_wpcf7_posted_data_hash\" value=\"\" \/><input type=\"hidden\" name=\"_wpcf7_recaptcha_response\" value=\"\" \/>\n<\/fieldset>\n<div class=\"form-container\">\n\t<p><label> Nom <span class=\"wpcf7-form-control-wrap\" data-name=\"your-name\"><input size=\"40\" maxlength=\"400\" class=\"wpcf7-form-control wpcf7-text wpcf7-validates-as-required\" aria-required=\"true\" aria-invalid=\"false\" value=\"\" type=\"text\" name=\"your-name\" \/><\/span> <\/label><br \/>\n<label> Email <span class=\"wpcf7-form-control-wrap\" data-name=\"your-email\"><input size=\"40\" maxlength=\"400\" class=\"wpcf7-form-control wpcf7-email wpcf7-validates-as-required wpcf7-text wpcf7-validates-as-email\" aria-required=\"true\" aria-invalid=\"false\" value=\"\" type=\"email\" name=\"your-email\" \/><\/span><\/label><br \/>\n<label> Tel\u00e8fon <span class=\"wpcf7-form-control-wrap\" data-name=\"telefon\"><input size=\"40\" maxlength=\"400\" class=\"wpcf7-form-control wpcf7-tel wpcf7-validates-as-required wpcf7-text wpcf7-validates-as-tel\" aria-required=\"true\" aria-invalid=\"false\" value=\"\" type=\"tel\" name=\"telefon\" \/><\/span><\/label><br \/>\n<label class=\"mensaje\"> Missatge <span class=\"wpcf7-form-control-wrap\" data-name=\"your-message\"><textarea cols=\"40\" rows=\"10\" maxlength=\"2000\" class=\"wpcf7-form-control wpcf7-textarea wpcf7-validates-as-required\" aria-required=\"true\" aria-invalid=\"false\" name=\"your-message\"><\/textarea><\/span> <\/label>\n\t<\/p>\n<\/div>\n<p><span class=\"wpcf7-form-control-wrap\" data-name=\"acceptance-226\"><span class=\"wpcf7-form-control wpcf7-acceptance\"><span class=\"wpcf7-list-item\"><label><input type=\"checkbox\" name=\"acceptance-226\" value=\"1\" aria-invalid=\"false\" \/><span class=\"wpcf7-list-item-label\">He le\u00eddo y acepto la <a href=\"https:\/\/expansiva.com\/politica-de-privacidad\/\">Pol\u00edtica de Privacidad <\/a> d'Expansiva.com<\/span><\/label><\/span><\/span><\/span><br \/>\n<span class=\"wpcf7-form-control-wrap\" data-name=\"acceptance-971\"><span class=\"wpcf7-form-control wpcf7-acceptance optional\"><span class=\"wpcf7-list-item\"><label><input type=\"checkbox\" name=\"acceptance-971\" value=\"1\" aria-invalid=\"false\" \/><span class=\"wpcf7-list-item-label\">Acepto recibir informaci\u00f3n sobre las actividades, productos y servicios de EXPANSIVA SEGURETAT, SL<\/span><\/label><\/span><\/span><\/span>\n<\/p>\n<p style=\"font-size: 12px;\"><strong style=\"text-decoration-line: underline;\">Informaci\u00f3 b\u00e0sica sobre el tractament de dades (EL 3\/2018 i Reglament (UE) 2016\/679 [RGPD])<\/strong><strong>Responsable del tractament:<\/strong> EXPANSIVA SEGURETAT, SL <strong>Finalitat<\/strong>: Oferir i gestionar els nostres serveis de seguretat. <strong>Drets<\/strong>: Pot exercir els drets d'acc\u00e9s, rectificaci\u00f3, limitaci\u00f3 de tractament, supressi\u00f3, portabilitat i oposici\u00f3, prevists en el RGPD, tal com s'explica en la nostra pol\u00edtica de privacitat.\n<\/p>\n<div class=\"submit-container\">\n\t<p><input class=\"wpcf7-form-control wpcf7-submit has-spinner\" type=\"submit\" value=\"ENVIAR\" \/>\n\t<\/p>\n<\/div><div class=\"wpcf7-response-output\" aria-hidden=\"true\"><\/div>\n<\/form>\n<\/div>\n<\/div><\/div><\/div><div class=\"w-separator size_huge\"><\/div><\/div><\/div><\/div><\/div><\/section><section class=\"l-section wpb_row us_custom_db20d2a6 height_huge width_full with_shape\"><div class=\"l-section-shape type_wave pos_top hor_flip\" style=\"color:#ffffff\"><svg xmlns=\"http:\/\/www.w3.org\/2000\/svg\" viewBox=\"0 4 64 4\" preserveAspectRatio=\"none\" width=\"100%\" height=\"100%\">\r\n\t<path fill=\"currentColor\" d=\"M64 6 C32 0 32 12 0 6 L0 8 L64 8 Z\"\/>\r\n<\/svg><\/div><div class=\"l-section-h i-cf\"><div class=\"g-cols vc_row via_grid cols_1 laptops-cols_inherit tablets-cols_inherit mobiles-cols_1 valign_top type_default stacking_default\"><div class=\"wpb_column vc_column_container\"><div class=\"vc_column-inner\"><div class=\"g-cols wpb_row row-80 via_grid cols_1 laptops-cols_inherit tablets-cols_inherit mobiles-cols_1 valign_middle type_default stacking_default\"><div class=\"wpb_column vc_column_container\"><div class=\"vc_column-inner\"><h1 class=\"w-text us_custom_d44d8758 has_text_color\"><span class=\"w-text-h\"><span class=\"w-text-value\">CRA 24 Hores<\/span><\/span><\/h1><div class=\"w-separator size_medium\"><\/div><div class=\"w-btn-wrapper align_center\"><a class=\"w-btn us-btn-style_2\" href=\"tel:+34931987045\"><span class=\"w-btn-label\">Truca ara<\/span><\/a><\/div><\/div><\/div><\/div><\/div><\/div><\/div><\/div><\/section><section class=\"l-section wpb_row height_auto\"><div class=\"l-section-h i-cf\"><div class=\"g-cols vc_row via_grid cols_1 laptops-cols_inherit tablets-cols_inherit mobiles-cols_1 valign_top type_default stacking_default\"><div class=\"wpb_column vc_column_container\"><div class=\"vc_column-inner\"><div class=\"w-html\"><div class=\"floating-left\"><a href=\"tel:+34931987045\">TRUCA'NS 931 987 045<\/a><\/div><\/div><\/div><\/div><\/div><\/div><\/section>\n","protected":false},"excerpt":{"rendered":"Els Nostres Serveis\u00danicament per a empreses i professionals del sector. Som conscients que la tecnologia cada vegada cobra un nivell major en el dia a dia de les persones, i com a consumidors estem molt connectats, desitjant una atenci\u00f3 immediata, personalitzada i amb disponibilitat les 24 hores els 7 dies de la setmana. Per aquest...","protected":false},"author":1,"featured_media":0,"parent":0,"menu_order":0,"comment_status":"closed","ping_status":"closed","template":"","meta":{"_joinchat":[],"footnotes":""},"class_list":["post-1145","page","type-page","status-publish","hentry"],"_links":{"self":[{"href":"https:\/\/expansiva.com\/ca\/wp-json\/wp\/v2\/pages\/1145","targetHints":{"allow":["GET"]}}],"collection":[{"href":"https:\/\/expansiva.com\/ca\/wp-json\/wp\/v2\/pages"}],"about":[{"href":"https:\/\/expansiva.com\/ca\/wp-json\/wp\/v2\/types\/page"}],"author":[{"embeddable":true,"href":"https:\/\/expansiva.com\/ca\/wp-json\/wp\/v2\/users\/1"}],"replies":[{"embeddable":true,"href":"https:\/\/expansiva.com\/ca\/wp-json\/wp\/v2\/comments?post=1145"}],"version-history":[{"count":16,"href":"https:\/\/expansiva.com\/ca\/wp-json\/wp\/v2\/pages\/1145\/revisions"}],"predecessor-version":[{"id":12737,"href":"https:\/\/expansiva.com\/ca\/wp-json\/wp\/v2\/pages\/1145\/revisions\/12737"}],"wp:attachment":[{"href":"https:\/\/expansiva.com\/ca\/wp-json\/wp\/v2\/media?parent=1145"}],"curies":[{"name":"wp","href":"https:\/\/api.w.org\/{rel}","templated":true}]}}