{"id":1149,"date":"2022-12-30T12:31:54","date_gmt":"2022-12-30T12:31:54","guid":{"rendered":"https:\/\/expansiva.comtecnologia\/"},"modified":"2023-02-13T13:43:59","modified_gmt":"2023-02-13T13:43:59","slug":"tecnologia","status":"publish","type":"page","link":"https:\/\/expansiva.com\/ca\/tecnologia\/","title":{"rendered":"Tecnologia"},"content":{"rendered":"<section class=\"l-section wpb_row us_custom_31b9ec70 height_huge with_img with_shape\" id=\"seguretat\"><div class=\"l-section-img\" style=\"background-image: url(https:\/\/expansiva.com\/wp-content\/uploads\/2022\/12\/foto-dron-expansiva-slider.jpg);\" data-img-width=\"1440\" data-img-height=\"1080\"><\/div><div class=\"l-section-shape type_wave pos_bottom\" style=\"color:#ffffff\"><svg xmlns=\"http:\/\/www.w3.org\/2000\/svg\" viewBox=\"0 4 64 4\" preserveAspectRatio=\"none\" width=\"100%\" height=\"100%\">\r\n\t<path fill=\"currentColor\" d=\"M64 6 C32 0 32 12 0 6 L0 8 L64 8 Z\"\/>\r\n<\/svg><\/div><div class=\"l-section-h i-cf\"><div class=\"g-cols vc_row via_grid cols_1 laptops-cols_inherit tablets-cols_inherit mobiles-cols_1 valign_top type_default stacking_default\"><div class=\"wpb_column vc_column_container\"><div class=\"vc_column-inner\"><div class=\"g-cols wpb_row row-80 via_grid cols_1 laptops-cols_inherit tablets-cols_inherit mobiles-cols_1 valign_top type_default stacking_default\"><div class=\"wpb_column vc_column_container\"><div class=\"vc_column-inner\"><h2 class=\"w-text us_custom_d44d8758 has_text_color\"><span class=\"w-text-h\"><span class=\"w-text-value\">\u00daltimes Tecnologies<\/span><\/span><\/h2><div class=\"w-separator size_small\"><\/div><div class=\"w-separator size_medium\"><\/div><div class=\"w-separator size_medium\"><\/div><\/div><\/div><\/div><\/div><\/div><\/div><\/div><\/section><section class=\"l-section wpb_row us_custom_4fb9e5a3 height_medium with_shape\"><div class=\"l-section-shape type_wave pos_bottom\" style=\"color:var(--color-header-middle-text-hover)\"><svg xmlns=\"http:\/\/www.w3.org\/2000\/svg\" viewBox=\"0 4 64 4\" preserveAspectRatio=\"none\" width=\"100%\" height=\"100%\">\r\n\t<path fill=\"currentColor\" d=\"M64 6 C32 0 32 12 0 6 L0 8 L64 8 Z\"\/>\r\n<\/svg><\/div><div class=\"l-section-h i-cf\"><div class=\"g-cols vc_row via_grid cols_1 laptops-cols_inherit tablets-cols_inherit mobiles-cols_1 valign_top type_default stacking_default\"><div class=\"wpb_column vc_column_container\"><div class=\"vc_column-inner\"><div class=\"g-cols wpb_row row-80 via_grid cols_2 laptops-cols_inherit tablets-cols_inherit mobiles-cols_1 valign_top type_default stacking_default\"><div class=\"wpb_column vc_column_container\"><div class=\"vc_column-inner\"><div class=\"w-image align_none\"><div class=\"w-image-h\"><img decoding=\"async\" class=\"g-placeholder\" src=\"https:\/\/expansiva.com\/wp-content\/plugins\/us-core\/assets\/images\/placeholder.svg\" width=\"\" height=\"\" alt><\/div><\/div><\/div><\/div><div class=\"wpb_column vc_column_container\"><div class=\"vc_column-inner\"><h4 class=\"w-text\"><span class=\"w-text-h\"><span class=\"w-text-value\">Nou Integrant de la Fam\u00edlia<\/span><\/span><\/h4><h3 class=\"w-text\"><span class=\"w-text-h\"><span class=\"w-text-value\">Expansiva safe flight<\/span><\/span><\/h3><div class=\"w-separator size_small\"><\/div><div class=\"wpb_text_column\"><div class=\"wpb_wrapper\"><p>Un Dron \u00e9s un vehicle aeri no tripulat, \u201cen angl\u00e8s RPAS (Remotely Piloted Aircraft System)\u201d. En el camp de la seguretat s&#8217;utilitzen per a fer tasques rutin\u00e0ries de manera automatitzada.<\/p>\n<p>&nbsp;<\/p>\n<p>Expansiva Safe Flight \u00e9s un model de soluci\u00f3 integral de vigil\u00e0ncia remota controlat per pilots titulats que operen des del nostre centre de control, amb l&#8217;objectiu d&#8217;oferir el millor servei.<\/p>\n<p>&nbsp;<\/p>\n<p>Adaptat a la legislaci\u00f3 Europea UAS, mitjan\u00e7ant un sistema automatitzat, potent i altament port\u00e0til dissenyat per a la vigil\u00e0ncia a\u00e8ria cont\u00ednua de dia i nit en grans \u00e0rees.<\/p>\n<p>&nbsp;<\/p>\n<p>Alimentat cont\u00ednuament a trav\u00e9s d&#8217;un micro ancoratge refor\u00e7at amb kevlar, \u00e9s capa\u00e7 d&#8217;operar durant 24 hores cont\u00ednues a 100 metres d&#8217;altura, amb 2 kg de c\u00e0rrega \u00fatil i rangs de detecci\u00f3 estesos fins a 10 quil\u00f2metres.<\/p>\n<p>&nbsp;<\/p>\n<p>Actua com una torre t\u00e0ctica per a aplicacions di\u00fcrnes i nocturnes, \u00e9s especialment adequat per a operacions militars, forces especials, forces de l&#8217;ordre, entitats de seguretat p\u00fablica i seguretat privada.<\/p>\n<\/div><\/div><div class=\"w-separator size_huge\"><\/div><\/div><\/div><\/div><div class=\"g-cols wpb_row row-80 via_grid cols_2 laptops-cols_inherit tablets-cols_inherit mobiles-cols_1 valign_top type_default stacking_default\"><div class=\"wpb_column vc_column_container\"><div class=\"vc_column-inner\"><h4 class=\"w-text\"><span class=\"w-text-h\"><span class=\"w-text-value\">\u00daS DE DRONS DE VIGIL\u00c0NCIA<\/span><\/span><\/h4><div class=\"w-separator size_small\"><\/div><div class=\"wpb_text_column\"><div class=\"wpb_wrapper\"><p>El personal de seguretat privada, en treballar gaireb\u00e9 sempre en recintes privats, amb la normativa vigent podria fer un major \u00fas d&#8217;aquesta tecnologia, malgrat que encara no s&#8217;hagi incorporat completament als seus mitjans habituals. Aquests s\u00f3n nom\u00e9s alguns exemples d&#8217;\u00fas:<\/p>\n<p>&nbsp;<\/p>\n<ul>\n<li><strong>Vigil\u00e0ncia perimetral automatitzada:<\/strong> Igual que qualsevol sistema de<br \/>\nvideovigil\u00e0ncia, per\u00f2 amb molt menys cost i m\u00e9s efic\u00e0cia, els Drons equipats amb c\u00e0mera poden fer un control perimetral de grans extensions de terreny i sense punts cecs, especialment si en la tasca participen diversos dispositius alhora.<\/li>\n<li><strong>Vigil\u00e0ncia dirigida:<\/strong> els Drons poden ser els ulls de qualsevol vigilant de seguretat en remot que necessiti revisar grans extensions de terreny, acudir a un incident, fer un seguiment o fer qualsevol tipus de verificaci\u00f3 a dist\u00e0ncia.<\/li>\n<li><strong>Dron Seguiment VIP: <\/strong> igual que els escortes, la tecnologia Dron permetr\u00e0 complementar altres mesures de seguretat, acompanyant als VIP des de l&#8217;aire per a tenir una millor visi\u00f3 del per\u00edmetre o de la zona. Aix\u00ed mateix, en un futur hi haur\u00e0 persones que necessitaran ser escortats i protegits pel simple fet de ser d&#8217;alt risc. Aquesta tasca podr\u00e0 ser realitzada per Drons escorta que detectaran i evitaran qualsevol coacci\u00f3 a temps real.<\/li>\n<\/ul>\n<\/div><\/div><\/div><\/div><div class=\"wpb_column vc_column_container\"><div class=\"vc_column-inner\"><div class=\"w-image align_none\"><div class=\"w-image-h\"><img decoding=\"async\" class=\"g-placeholder\" src=\"https:\/\/expansiva.com\/wp-content\/plugins\/us-core\/assets\/images\/placeholder.svg\" width=\"\" height=\"\" alt><\/div><\/div><\/div><\/div><\/div><div class=\"w-separator size_medium\"><\/div><\/div><\/div><\/div><\/div><\/section><section class=\"l-section wpb_row height_auto\"><div class=\"l-section-h i-cf\"><div class=\"g-cols vc_row via_grid cols_1 laptops-cols_inherit tablets-cols_inherit mobiles-cols_1 valign_top type_default stacking_default\"><div class=\"wpb_column vc_column_container\"><div class=\"vc_column-inner\"><div class=\"w-html\"><div class=\"floating-left\"><a href=\"tel:902099247\">TRUCA'NS 902 099 247<\/a><\/div><\/div><\/div><\/div><\/div><\/div><\/section>\n","protected":false},"excerpt":{"rendered":"\u00daltimes Tecnologies Nou Integrant de la Fam\u00edliaExpansiva safe flightUn Dron \u00e9s un vehicle aeri no tripulat, \u201cen angl\u00e8s RPAS (Remotely Piloted Aircraft System)\u201d. En el camp de la seguretat s&#8217;utilitzen per a fer tasques rutin\u00e0ries de manera automatitzada. &nbsp; Expansiva Safe Flight \u00e9s un model de soluci\u00f3 integral de vigil\u00e0ncia remota controlat per pilots titulats...","protected":false},"author":1,"featured_media":0,"parent":0,"menu_order":0,"comment_status":"closed","ping_status":"closed","template":"","meta":{"_joinchat":[],"footnotes":""},"class_list":["post-1149","page","type-page","status-publish","hentry"],"_links":{"self":[{"href":"https:\/\/expansiva.com\/ca\/wp-json\/wp\/v2\/pages\/1149","targetHints":{"allow":["GET"]}}],"collection":[{"href":"https:\/\/expansiva.com\/ca\/wp-json\/wp\/v2\/pages"}],"about":[{"href":"https:\/\/expansiva.com\/ca\/wp-json\/wp\/v2\/types\/page"}],"author":[{"embeddable":true,"href":"https:\/\/expansiva.com\/ca\/wp-json\/wp\/v2\/users\/1"}],"replies":[{"embeddable":true,"href":"https:\/\/expansiva.com\/ca\/wp-json\/wp\/v2\/comments?post=1149"}],"version-history":[{"count":6,"href":"https:\/\/expansiva.com\/ca\/wp-json\/wp\/v2\/pages\/1149\/revisions"}],"predecessor-version":[{"id":1233,"href":"https:\/\/expansiva.com\/ca\/wp-json\/wp\/v2\/pages\/1149\/revisions\/1233"}],"wp:attachment":[{"href":"https:\/\/expansiva.com\/ca\/wp-json\/wp\/v2\/media?parent=1149"}],"curies":[{"name":"wp","href":"https:\/\/api.w.org\/{rel}","templated":true}]}}