{"id":1198,"date":"2022-12-22T16:26:26","date_gmt":"2022-12-22T16:26:26","guid":{"rendered":"https:\/\/expansiva.compolitica-de-cookies\/"},"modified":"2026-03-03T09:19:26","modified_gmt":"2026-03-03T09:19:26","slug":"politica-de-cookies","status":"publish","type":"page","link":"https:\/\/expansiva.com\/ca\/politica-de-cookies\/","title":{"rendered":"Pol\u00edtica de Cookies CAT"},"content":{"rendered":"<section class=\"l-section wpb_row height_custom\"><div class=\"l-section-h i-cf\"><div class=\"g-cols vc_row via_grid cols_1 laptops-cols_inherit tablets-cols_inherit mobiles-cols_1 valign_top type_default stacking_default\"><div class=\"wpb_column vc_column_container\"><div class=\"vc_column-inner\"><h3 class=\"w-text\"><span class=\"w-text-h\"><span class=\"w-text-value\">Pol\u00edtica de Cookies<\/span><\/span><\/h3><div class=\"w-separator size_medium\"><\/div><div class=\"wpb_text_column\"><div class=\"wpb_wrapper\"><p><b>Pol\u00edtica de cookies<\/b><\/p>\n<p>&nbsp;<\/p>\n<p>Els\u00a0 nostre lloc web utilitza una tecnologia anomenada &#8220;cookie&#8221;, amb la finalitat de poder obtenir informaci\u00f3 sobre l&#8217;\u00fas del lloc web, millorar l\u2019experi\u00e8ncia de l\u2019usuari i garantir el seu correcte funcionament.<\/p>\n<p>&nbsp;<\/p>\n<p><b>Definici\u00f3 de Cookie<\/b><\/p>\n<p>Una \u201ccookie\u201d \u00e9s un petit fragment de text que els llocs web envien al navegador i que s&#8217;emmagatzemen en el terminal de l&#8217;usuari, (ordinador o dispositiu m\u00f2bil). Aquests arxius tenen la finalitat d&#8217;emmagatzemar dades que podran ser actualitzades i recuperades per l&#8217;entitat responsable de la seva instal\u00b7laci\u00f3. Aix\u00ed, cada vegada que l&#8217;usuari torna a visitar el mateix lloc web, l&#8217;explorador recupera l&#8217;arxiu i l&#8217;envia al servidor del lloc web. Les cookies tenen diverses funcions entre les que s&#8217;inclouen, la de recollir informaci\u00f3 sobre les prefer\u00e8ncies de l&#8217;usuari i recordar-la, i en general, facilitar l&#8217;\u00fas del lloc web a l&#8217;usuari fent que el lloc sigui m\u00e9s \u00fatil al personalitzar el seu contingut.<\/p>\n<p>Les\u00a0 cookies es poden classificar en base a diferents par\u00e0metres:<\/p>\n<p><b>1.- Titularitat:<\/b> cookies pr\u00f2pies i cookies de tercers: depenent de quina sigui l&#8217;entitat que gestioni el domini des d&#8217;on s&#8217;envien les cookies i es tractin les dades que s&#8217;obtinguin.<\/p>\n<p><b>2.- Duraci\u00f3:<\/b> cookies de sessi\u00f3 i cookies persistents: d&#8217;acord amb el termini de temps que romanen emmagatzemades al terminal de l&#8217;usuari.<\/p>\n<p><b>3.- Finalitat:<\/b> cookies\u00a0 t\u00e8cniques, cookies de prefer\u00e8ncies o personalitzaci\u00f3, cookies d&#8217;an\u00e0lisi o mesura i cookies de publicitat comportamental, d&#8217;acord amb la finalitat per a la qual es tractin les dades obtingudes.<\/p>\n<ul>\n<li aria-level=\"1\">Cookies t\u00e8cniques: S\u00f3n aquelles que permeten a l&#8217;usuari la navegaci\u00f3 a trav\u00e9s de la p\u00e0gina web o aplicaci\u00f3 i la utilitzaci\u00f3 de les diferents opcions o serveis que en ella existeixen. Per exemple, controlar el tr\u00e0nsit i la comunicaci\u00f3 de dades , identificar la sessi\u00f3\u00a0 o accedir a les parts web d&#8217;acc\u00e9s restringit.<\/li>\n<li aria-level=\"1\">Cookies de prefer\u00e8ncies o personalitzaci\u00f3: S\u00f3n aquelles que permeten recordar informaci\u00f3 perqu\u00e8 l&#8217;usuari accedeixi al servei amb determinades caracter\u00edstiques que poden diferenciar la seva experi\u00e8ncia de la d&#8217;altres usuaris, com, per exemple, l&#8217;idioma, el n\u00famero de resultats a mostrar quan l&#8217;usuari realitza una cerca, l&#8217;aspecte o contingut del servei en funci\u00f3 del tipus de navegador a trav\u00e9s del qual l&#8217;usuari accedeix al servei o de la regi\u00f3 des de la qual accedeix al servei, etc.<\/li>\n<li aria-level=\"1\">Cookies d&#8217;an\u00e0lisi o mesura: S\u00f3n aquelles que permeten al seu responsable el seguiment i l&#8217;an\u00e0lisi del comportament dels usuaris dels llocs web als quals estan vinculades, inclosa la quantificaci\u00f3 dels impactes dels anuncis. La informaci\u00f3 recollida mitjan\u00e7ant aquest tipus de cookies s&#8217;utilitza en el mesurament de l&#8217;activitat dels llocs web, aplicaci\u00f3 o plataforma, per tal d&#8217;introduir millores en funci\u00f3 de l&#8217;an\u00e0lisi de les dades d&#8217;\u00fas que fan els usuaris del servei.<\/li>\n<li aria-level=\"1\">Cookies de publicitat comportamental: S\u00f3n aquelles que emmagatzemen informaci\u00f3 del comportament dels usuaris obtinguda a trav\u00e9s de l&#8217;observaci\u00f3 continuada dels seus h\u00e0bits de navegaci\u00f3, cosa que permet desenvolupar un perfil espec\u00edfic per mostrar publicitat en funci\u00f3 d\u2019aquest perfil.<\/li>\n<\/ul>\n<p>&nbsp;<\/p>\n<p><b>Cookies utilitzades al nostre lloc web<\/b><\/p>\n<p>&nbsp;<\/p>\n<p>El nostre lloc web utilitza tant cookies pr\u00f2pies, que s\u00f3n les enviades al seu ordinador i gestionades exclusivament per nosaltres per al millor funcionament del lloc web, com cookies de tercers, amb la funci\u00f3 de servir per a la interacci\u00f3 dels usuaris amb nosaltres.<\/p>\n<p>El nostre lloc web fa servir tant cookies temporals de sessi\u00f3 com cookies persistents. Les cookies de sessi\u00f3 emmagatzemen dades \u00fanicament mentre l&#8217;usuari accedeix a la web i les cookies persistents emmagatzemen les dades en el terminal perqu\u00e8 siguin accedides i utilitzades en m\u00e9s d&#8217;una sessi\u00f3.<\/p>\n<p>Concretament les cookies utilitzades al nostre lloc web que no s\u00f3n t\u00e8cniques o de personalitzaci\u00f3, i que per tant necessiten consentiment de l&#8217;usuari s\u00f3n:<\/p>\n<table>\n<tbody>\n<tr>\n<td><b>Nom<\/b><\/td>\n<td><b>Titular<\/b><\/td>\n<td><b>Finalitat<\/b><\/td>\n<td><b>Durada<\/b><\/td>\n<\/tr>\n<tr>\n<td>_ga<\/td>\n<td>.expansiva.com<\/td>\n<td>Anal\u00edtica:<\/p>\n<p>Instal\u00b7lada per Google Analytics, calcula les dades de visitants, sessions i campanyes i tamb\u00e9 realitza un seguiment de l&#8217;\u00fas del lloc per a l&#8217;informe anal\u00edtic del lloc. La cookie emmagatzema informaci\u00f3 de forma an\u00f2nima i assigna un nombre generat aleat\u00f2riament per recon\u00e8ixer visitants \u00fanics.<\/td>\n<td>1 any i 35 dies<\/td>\n<\/tr>\n<\/tbody>\n<\/table>\n<p>Per obtenir m\u00e9s informaci\u00f3 sobre les cookies de tercers podeu clicar a <a href=\"https:\/\/developers.google.com\/analytics\/devguides\/collection\/analyticsjs\/cookie-usage?hl=es\">Google Analytics;<\/a> <a href=\"https:\/\/policies.google.com\/technologies\/cookies?hl=es&amp;gl=es#types-of-cookies\">Google LLC.<\/a>; <a href=\"https:\/\/experienceleague.adobe.com\/docs\/id-service\/using\/intro\/cookies.html?lang=es\">Adobe Experience Cloud<\/a>; <a href=\"https:\/\/experienceleague.adobe.com\/docs\/core-services\/interface\/administration\/ec-cookies\/cookies-analytics.html?lang=es-ES\">Adobe Analytics:<\/a> <a href=\"https:\/\/www.oracle.com\/es\/legal\/privacy\/addthis-privacy-policy.html\">AddThis<\/a><\/p>\n<p>Finalment, tamb\u00e9 s&#8217;utilitzen cookies de complement (plug-in) per intercanviar continguts socials.<\/p>\n<p><b>Consentiment<\/b><\/p>\n<p>El consentiment per a\u00a0 l&#8217;\u00fas de les cookies abans enunciades, pels terminis assenyalats i en les condicions contingudes en la present Pol\u00edtica de Cookies, s\u2019obtindr\u00e0 amb l\u2019acceptaci\u00f3 de l\u2019av\u00eds inicial d\u2019informaci\u00f3 sobre les cookies que es visualitza en el moment en que carrega la nostra web.<\/p>\n<p>L&#8217;\u00fas de cookies anal\u00edtiques de Google (incloses les cookies de youtube) i de m\u00e0rqueting de Facebook implica una transmissi\u00f3 de dades a aquestes companyies ubicades als Estats Units d&#8217;Am\u00e8rica. Els Estats Units i la Uni\u00f3 Europea tenen un acord Marc de Privadesa aprovat per la Decisi\u00f3 d&#8217;Execuci\u00f3 de la Comissi\u00f3 de 10.7.2023 d&#8217;acord amb el Reglament (UE) 2016\/679 del Parlament Europeu i del Consell. Pot trobar m\u00e9s informaci\u00f3 en la pol\u00edtica de privacitat de<a href=\"https:\/\/policies.google.com\/privacy?hl=es\"> Google<\/a> i en <a href=\"https:\/\/es-es.facebook.com\/privacy\/policy\/?section_id=9-HowDoWeTransfer\">Meta (facebook).<\/a><\/p>\n<p><b>Retirada del consentiment<\/b><\/p>\n<p>L&#8217;usuari pot retirar el consentiment per a l&#8217;\u00fas de cookies en qualsevol moment. Per fer-ho, pot utilitzar el bot\u00f3 de la web que hi hagi a tal efecte o eliminar les cookies del seu navegador.<\/p>\n<p><b>Com deshabilitar les cookies als principals navegadors?<\/b><\/p>\n<p>Tot i que pot variar lleugerament d&#8217;una versi\u00f3 de navegador a una altra, la configuraci\u00f3 de la pol\u00edtica de cookies per als navegadors m\u00e9s utilitzats \u00e9s la seg\u00fcent:<\/p>\n<ul>\n<li aria-level=\"1\"><a href=\"https:\/\/support.microsoft.com\/es-es\/help\/4468242\/microsoft-edge-browsing-data-and-privacy-microsoft-privacy\">Edge<\/a><\/li>\n<li aria-level=\"1\"><a href=\"https:\/\/support.mozilla.org\/es\/kb\/clear-cookies-and-site-data-firefox\">FireFox<\/a><\/li>\n<li aria-level=\"1\"><a href=\"https:\/\/support.google.com\/chrome\/answer\/95647?hl=es\">Chrome<\/a><\/li>\n<li aria-level=\"1\"><a href=\"https:\/\/support.apple.com\/es-es\/guide\/safari\/manage-cookies-and-website-data-sfri11471\/mac\">Safari (mac)\u00a0<\/a><\/li>\n<li aria-level=\"1\"><a href=\"https:\/\/support.apple.com\/es-es\/HT201265\">Safari (iPhone\/iPad)<\/a><\/li>\n<li aria-level=\"1\"><a href=\"https:\/\/help.opera.com\/en\/latest\/web-preferences\/#cookies\">Opera\u00a0<\/a><\/li>\n<\/ul>\n<p>&nbsp;<\/p>\n<p>A m\u00e9s, tamb\u00e9 pot gestionar el magatzem de cookies al seu navegador a trav\u00e9s d&#8217;eines com les seg\u00fcents:<\/p>\n<ul>\n<li aria-level=\"1\"><a href=\"https:\/\/www.youronlinechoices.com\/es\/\">Your online choices<\/a><\/li>\n<li aria-level=\"1\"><a href=\"https:\/\/www.ghostery.com\/\">Ghostery<\/a><\/li>\n<\/ul>\n<p>&nbsp;<\/p>\n<p><b>Actualitzaci\u00f3 de la pol\u00edtica de cookies<\/b><\/p>\n<p>Aquest lloc web pot modificar aquesta Pol\u00edtica sobre Cookies, per aix\u00f2 li recomanem revisar aquesta pol\u00edtica cada vegada que accedeixi al nostre lloc web per estar adequadament informat sobre l&#8217;\u00fas que fem de les cookies.<\/p>\n<p>&nbsp;<\/p>\n<p>Data de l\u2019\u00faltima actualitzaci\u00f3: 26-04-2024<\/p>\n<\/div><\/div><\/div><\/div><\/div><\/div><\/section><section class=\"l-section wpb_row height_auto\"><div class=\"l-section-h i-cf\"><div class=\"g-cols vc_row via_grid cols_1 laptops-cols_inherit tablets-cols_inherit mobiles-cols_1 valign_top type_default stacking_default\"><div class=\"wpb_column vc_column_container\"><div class=\"vc_column-inner\"><div class=\"w-html\"><div class=\"floating-left\"><a href=\"tel:+34931987045\">TRUCA'NS 931 987 045<\/a><\/div><\/div><\/div><\/div><\/div><\/div><\/section>\n","protected":false},"excerpt":{"rendered":"Pol\u00edtica de CookiesPol\u00edtica de cookies &nbsp; Els\u00a0 nostre lloc web utilitza una tecnologia anomenada &#8220;cookie&#8221;, amb la finalitat de poder obtenir informaci\u00f3 sobre l&#8217;\u00fas del lloc web, millorar l\u2019experi\u00e8ncia de l\u2019usuari i garantir el seu correcte funcionament. &nbsp; Definici\u00f3 de Cookie Una \u201ccookie\u201d \u00e9s un petit fragment de text que els llocs web envien al...","protected":false},"author":1,"featured_media":0,"parent":0,"menu_order":0,"comment_status":"closed","ping_status":"closed","template":"","meta":{"_joinchat":[],"footnotes":""},"class_list":["post-1198","page","type-page","status-publish","hentry"],"_links":{"self":[{"href":"https:\/\/expansiva.com\/ca\/wp-json\/wp\/v2\/pages\/1198","targetHints":{"allow":["GET"]}}],"collection":[{"href":"https:\/\/expansiva.com\/ca\/wp-json\/wp\/v2\/pages"}],"about":[{"href":"https:\/\/expansiva.com\/ca\/wp-json\/wp\/v2\/types\/page"}],"author":[{"embeddable":true,"href":"https:\/\/expansiva.com\/ca\/wp-json\/wp\/v2\/users\/1"}],"replies":[{"embeddable":true,"href":"https:\/\/expansiva.com\/ca\/wp-json\/wp\/v2\/comments?post=1198"}],"version-history":[{"count":3,"href":"https:\/\/expansiva.com\/ca\/wp-json\/wp\/v2\/pages\/1198\/revisions"}],"predecessor-version":[{"id":12729,"href":"https:\/\/expansiva.com\/ca\/wp-json\/wp\/v2\/pages\/1198\/revisions\/12729"}],"wp:attachment":[{"href":"https:\/\/expansiva.com\/ca\/wp-json\/wp\/v2\/media?parent=1198"}],"curies":[{"name":"wp","href":"https:\/\/api.w.org\/{rel}","templated":true}]}}