{"id":1204,"date":"2022-12-22T16:26:00","date_gmt":"2022-12-22T16:26:00","guid":{"rendered":"https:\/\/expansiva.com?page_id=1204"},"modified":"2026-03-03T09:18:11","modified_gmt":"2026-03-03T09:18:11","slug":"aviso-legal","status":"publish","type":"page","link":"https:\/\/expansiva.com\/ca\/aviso-legal\/","title":{"rendered":"Av\u00eds Legal"},"content":{"rendered":"<section class=\"l-section wpb_row height_custom\"><div class=\"l-section-h i-cf\"><div class=\"g-cols vc_row via_grid cols_1 laptops-cols_inherit tablets-cols_inherit mobiles-cols_1 valign_top type_default stacking_default\"><div class=\"wpb_column vc_column_container\"><div class=\"vc_column-inner\"><h3 class=\"w-text\"><span class=\"w-text-h\"><span class=\"w-text-value\">Av\u00eds Legal<\/span><\/span><\/h3><div class=\"w-separator size_medium\"><\/div><div class=\"wpb_text_column\"><div class=\"wpb_wrapper\"><p><b>Informaci\u00f3 de Conformitat amb l&#8217;article 10 de la LSSI<\/b><\/p>\n<p>&nbsp;<\/p>\n<p><b>La titular d&#8217;aquesta web \u00e9s:<\/b><\/p>\n<p>Identitat: EXPANSIVA SEGURETAT, SL<\/p>\n<p>NIF: B65339210<\/p>\n<p>Adre\u00e7a: C\/ Felix Cucurull i Tey, n\u00ba2 Bajos 2\u00aa CC. Can Soleret\u00a0 08304\u00a0 Matar\u00f3 (Barcelona)<\/p>\n<p>Tel.: 931988228<\/p>\n<p>Email: expansiva@expansiva.es<\/p>\n<p>Inscrita al Registre d\u2019Empreses de Seguretat de la Direcci\u00f3 General de la Policia amb el n\u00famero 3762.<\/p>\n<p>Inscrita al Registre Mercantil de Barcelona, inscripci\u00f3 1\u00aa, Fulla B\u2013396643, Foli 136, Llibre 41947<\/p>\n<p>&nbsp;<\/p>\n<p><b>Condicions d&#8217;\u00fas<\/b><\/p>\n<p>L&#8217;\u00fas d&#8217;aquest web implica l&#8217;acceptaci\u00f3 plena dels termes i condicions del present av\u00eds legal.<\/p>\n<p>&nbsp;<\/p>\n<p><b>Propietat intel\u00b7lectual i industrial<\/b><\/p>\n<p>La totalitat del contingut d&#8217;aquest lloc web, ja siguin textos, imatges, sons, marques, logotips o altres elements, aix\u00ed com subestructura, disseny, combinacions de colors o forma de presentaci\u00f3 dels materials, estan protegits per drets de propietat industrial i intel\u00b7lectual que l&#8217;usuari d&#8217;aquest lloc web ha de respectar. No \u00e9s l\u00edcita la seva transformaci\u00f3 o alteraci\u00f3, comunicaci\u00f3 p\u00fablica o qualsevol altra forma d&#8217;explotaci\u00f3 per qualsevol procediment sense l&#8217;autoritzaci\u00f3 expressa de EXPANSIVA SEGURETAT, SL.<\/p>\n<p>&nbsp;<\/p>\n<p><b>Responsabilitat sobre els continguts<\/b><\/p>\n<p>Encara que EXPANSIVA SEGURETAT, SL actua amb la m\u00e0xima dilig\u00e8ncia possible, es pot donar el cas que alguna dada o informaci\u00f3 no estigui del tot actualitzada en el moment que l&#8217;usuari del lloc web el consulti. Per aix\u00f2, les informacions que es presenten en aquesta web tenen una funci\u00f3 orientativa i no obliguen a EXPANSIVA SEGURETAT, SL.<\/p>\n<p>&nbsp;<\/p>\n<p>EXPANSIVA SEGURETAT, SL no ser\u00e0 responsable de la informaci\u00f3 que es pugui obtenir a trav\u00e9s d&#8217;enlla\u00e7os inclosos en la seva web.<\/p>\n<p>&nbsp;<\/p>\n<p>EXPANSIVA SEGURETAT, SL es reserva la facultat de realitzar, en qualsevol moment i sense necessitat de preav\u00eds, modificacions o actualitzacions de la informaci\u00f3 i de qualsevol dels elements que integrin el disseny i configuraci\u00f3 de la p\u00e0gina web.<\/p>\n<p>&nbsp;<\/p>\n<p><b>Llei aplicable i jurisdicci\u00f3:<\/b><\/p>\n<p>L&#8217;\u00fas d&#8217;aquest lloc web implica l&#8217;acceptaci\u00f3 plena dels termes i condicions en el present av\u00eds legal. Els possibles conflictes relatius a aquest web es regiran o interpretaran d&#8217;acord amb la legislaci\u00f3 espanyola i es sotmetran als Jutjats i Tribunals del domicili de l&#8217;usuari, quan aquest tingui la condici\u00f3 de consumidor o usuari de conformitat amb l&#8217;art. 3 del Reial decret legislatiu 1\/2007, de 16 de novembre, pel qual s&#8217;aprova el text ref\u00f3s de la Llei general per a la defensa dels consumidors i usuaris i altres lleis complement\u00e0ries; en cas contrari, seran competents els Jutjats i Tribunals del domicili de EXPANSIVA SEGURETAT, SL.<\/p>\n<\/div><\/div><div class=\"w-separator size_large\"><\/div><\/div><\/div><\/div><\/div><\/section><section class=\"l-section wpb_row height_auto\"><div class=\"l-section-h i-cf\"><div class=\"g-cols vc_row via_grid cols_1 laptops-cols_inherit tablets-cols_inherit mobiles-cols_1 valign_top type_default stacking_default\"><div class=\"wpb_column vc_column_container\"><div class=\"vc_column-inner\"><div class=\"w-html\"><div class=\"floating-left\"><a href=\"tel:+34931987045\">TRUCA'NS 931 987 045<\/a><\/div><\/div><\/div><\/div><\/div><\/div><\/section>\n","protected":false},"excerpt":{"rendered":"Av\u00eds LegalInformaci\u00f3 de Conformitat amb l&#8217;article 10 de la LSSI &nbsp; La titular d&#8217;aquesta web \u00e9s: Identitat: EXPANSIVA SEGURETAT, SL NIF: B65339210 Adre\u00e7a: C\/ Felix Cucurull i Tey, n\u00ba2 Bajos 2\u00aa CC. Can Soleret\u00a0 08304\u00a0 Matar\u00f3 (Barcelona) Tel.: 931988228 Email: expansiva@expansiva.es Inscrita al Registre d\u2019Empreses de Seguretat de la Direcci\u00f3 General de la Policia amb...","protected":false},"author":1,"featured_media":0,"parent":0,"menu_order":0,"comment_status":"closed","ping_status":"closed","template":"","meta":{"_joinchat":[],"footnotes":""},"class_list":["post-1204","page","type-page","status-publish","hentry"],"_links":{"self":[{"href":"https:\/\/expansiva.com\/ca\/wp-json\/wp\/v2\/pages\/1204","targetHints":{"allow":["GET"]}}],"collection":[{"href":"https:\/\/expansiva.com\/ca\/wp-json\/wp\/v2\/pages"}],"about":[{"href":"https:\/\/expansiva.com\/ca\/wp-json\/wp\/v2\/types\/page"}],"author":[{"embeddable":true,"href":"https:\/\/expansiva.com\/ca\/wp-json\/wp\/v2\/users\/1"}],"replies":[{"embeddable":true,"href":"https:\/\/expansiva.com\/ca\/wp-json\/wp\/v2\/comments?post=1204"}],"version-history":[{"count":6,"href":"https:\/\/expansiva.com\/ca\/wp-json\/wp\/v2\/pages\/1204\/revisions"}],"predecessor-version":[{"id":12727,"href":"https:\/\/expansiva.com\/ca\/wp-json\/wp\/v2\/pages\/1204\/revisions\/12727"}],"wp:attachment":[{"href":"https:\/\/expansiva.com\/ca\/wp-json\/wp\/v2\/media?parent=1204"}],"curies":[{"name":"wp","href":"https:\/\/api.w.org\/{rel}","templated":true}]}}