{"id":2640,"date":"2024-05-31T08:15:02","date_gmt":"2024-05-31T08:15:02","guid":{"rendered":"https:\/\/expansiva.com\/politica-de-privacidad\/"},"modified":"2026-03-03T09:18:43","modified_gmt":"2026-03-03T09:18:43","slug":"politica-de-privacitat","status":"publish","type":"page","link":"https:\/\/expansiva.com\/ca\/politica-de-privacitat\/","title":{"rendered":"Pol\u00edtica de Privacitat"},"content":{"rendered":"<section class=\"l-section wpb_row height_custom\"><div class=\"l-section-h i-cf\"><div class=\"g-cols vc_row via_grid cols_1 laptops-cols_inherit tablets-cols_inherit mobiles-cols_1 valign_top type_default stacking_default\"><div class=\"wpb_column vc_column_container\"><div class=\"vc_column-inner\"><h3 class=\"w-text\"><span class=\"w-text-h\"><span class=\"w-text-value\">Pol\u00edtica de Privacitat<\/span><\/span><\/h3><div class=\"w-separator size_medium\"><\/div><div class=\"wpb_text_column\"><div class=\"wpb_wrapper\"><p>EXPANSIVA SEGURETAT, SL es compromet a protegir la privacitat dels usuaris que accedeixin a aquesta web i\/o qualsevol dels seus serveis. La utilitzaci\u00f3 de la web i\/o de qualsevol dels serveis oferts per EXPANSIVA SEGURETAT, SL implica l&#8217;acceptaci\u00f3 per l&#8217;usuari de les disposicions contingudes en la present Pol\u00edtica de Privacitat i que les seves dades personals siguin tractades segons s&#8217;estipula en ella. Si us plau, tingui en compte que tot i que hi pugui haver enlla\u00e7os de la nostra web a d\u2019altres webs, aquesta Pol\u00edtica de Privacitat no s&#8217;aplica a les webs d&#8217;altres companyies o organitzacions a les que la web estigui redirigida. EXPANSIVA SEGURETAT, SL no controla el contingut de les webs de tercers ni accepta qualsevol responsabilitat pel contingut o les pol\u00edtiques de privacitat d&#8217;aquestes webs.<\/p>\n<p><b>Informaci\u00f3 sobre el tractament de dades (Reglament (UE) 2016\/679 i LO 3\/2018)<\/b><\/p>\n<p>&nbsp;<\/p>\n<table>\n<tbody>\n<tr>\n<td><b>Responsable del tractament<\/b><\/td>\n<td>EXPANSIVA SEGURETAT, SL<\/p>\n<p>NIF: B65339210<\/p>\n<p>C\/ Felix Cucurull i Tey, n\u00ba2 Bajos 2\u00aa CC. Can Soleret\u00a0 08304\u00a0 Matar\u00f3 (Barcelona)<\/p>\n<p>Email: expansiva@expansiva.es<\/td>\n<\/tr>\n<tr>\n<td><b>Finalitat del tractament<\/b><\/td>\n<td>Oferir i gestionar els nostres serveis de seguretat.<\/td>\n<\/tr>\n<tr>\n<td><b>Legitimaci\u00f3<\/b><\/td>\n<td>\n<ul>\n<li aria-level=\"1\">Consentiment obtingut de l&#8217;interessat quan ens sol\u00b7licita informaci\u00f3.<\/li>\n<li aria-level=\"1\">Execuci\u00f3 del contracte de serveis quan contracta amb nosaltres.<\/li>\n<\/ul>\n<\/td>\n<\/tr>\n<tr>\n<td><b>Destinataris<\/b><\/td>\n<td>Les dades no seran comunicades a tercers, llevat que ho exigeixi una llei o sigui necessari per complir amb la finalitat del tractament.<\/td>\n<\/tr>\n<tr>\n<td><b>Drets de les persones<\/b><\/td>\n<td>Els interessats tenen dret a exercir els drets d\u2019acc\u00e9s, rectificaci\u00f3, limitaci\u00f3 de tractament, supressi\u00f3, portabilitat i oposici\u00f3, enviant la seva sol\u00b7licitud a la nostra adre\u00e7a.<\/td>\n<\/tr>\n<tr>\n<td><b>Termini de conservaci\u00f3 de les dades<\/b><\/td>\n<td>Mentre es mantingui la relaci\u00f3 comercial o durant els anys necessaris per complir amb les obligacions legals.<\/td>\n<\/tr>\n<tr>\n<td><b>Reclamaci\u00f3<\/b><\/td>\n<td>Els interessats es poden dirigir a l\u2019AEPD per presentar la reclamaci\u00f3 que consideri oportuna.<\/td>\n<\/tr>\n<tr>\n<td><b>Informaci\u00f3 addicional<\/b><\/td>\n<td>Pot consultar la informaci\u00f3 addicional i detallada a continuaci\u00f3 a les &#8220;Q\u00fcestions sobre privacitat&#8221;.<\/td>\n<\/tr>\n<\/tbody>\n<\/table>\n<p>&nbsp;<\/p>\n<p><b>Q\u00fcestions sobre privacitat<\/b><\/p>\n<p>En compliment del Reglament (UE) 2016\/679 del Parlament Europeu i del Consell, de 27 d&#8217;abril de 2016, (RGPD) i la Llei Org\u00e0nica 3\/2018, de 5 de desembre, de Protecci\u00f3 de Dades Personals i garantia dels drets digitals (LOPDGDD), li oferim la seg\u00fcent informaci\u00f3 sobre el tractament de les seves dades personals:<\/p>\n<p><b>Qui \u00e9s el responsable del tractament de les seves dades?<\/b><\/p>\n<p>Identitat: EXPANSIVA SEGURETAT, SL<\/p>\n<p>NIF: B65339210<\/p>\n<p>Adre\u00e7a: C\/ Felix Cucurull i Tey, n\u00ba2 Bajos 2\u00aa CC. Can Soleret\u00a0 08304\u00a0 Matar\u00f3 (Barcelona)<\/p>\n<p>Tel.: 931988228<\/p>\n<p>Email: expansiva@expansiva.es<\/p>\n<p><b>Amb quina finalitat tractem les seves dades personals?<\/b><\/p>\n<ul>\n<li aria-level=\"1\">Tractem la informaci\u00f3 que se\u2019ns facilita per gestionar els nostres serveis de seguretat.<\/li>\n<li aria-level=\"1\">En el cas que es posi en contacte amb nosaltres mitjan\u00e7ant el formulari de contacte de la nostra p\u00e0gina web, les tractarem per gestionar la seva consulta.<\/li>\n<li aria-level=\"1\">Tamb\u00e9 podrem\u00a0 utilitzar les seves dades per informar-li sobre\u00a0 les nostres activitats, productes o serveis quan vost\u00e8 ja sigui client nostre o, si no ho \u00e9s, quan ens hagi proporcionat el seu consentiment per fer-ho.<\/li>\n<li aria-level=\"1\">Al accedir a les nostres instal\u00b7lacions la seva imatge pot ser enregistrada mitjan\u00e7ant c\u00e0meres de videovigil\u00e0ncia\u00a0 amb finalitats de control de seguretat.<\/li>\n<li aria-level=\"1\">Si ens envia un curr\u00edculum, tractarem les dades amb la finalitat de gestionar la base de CV&#8217;s per a la selecci\u00f3 de personal.<\/li>\n<\/ul>\n<p><b>Per quant de temps conservarem les seves dades?<\/b><\/p>\n<ul>\n<li aria-level=\"1\">Les dades personals proporcionades es conservaran mentre sigui usuari dels nostres serveis o en vulgui rebre informaci\u00f3, at\u00e8s que pot oposar-se al tractament de les seves dades amb fins promocionals, quan ens les faciliti o en qualsevol moment posterior, comunicant-nos-ho al correu expansiva@expansiva.es, i\u00a0 despr\u00e9s, durant el terminis establerts per complir amb les nostres obligacions legals, que en el cas documentaci\u00f3 comptable i fiscal a efectes mercantils seran 6 anys, de conformitat amb l&#8217;Art. 30 del Codi Comer\u00e7, i als efectes fiscals seran 4 anys, d&#8217;acord amb els articles 66 a 70 de la Llei General Tribut\u00e0ria.<\/li>\n<li aria-level=\"1\">Les imatges captades pel sistema de videovigil\u00e0ncia es conservaran durant un mes.<\/li>\n<li aria-level=\"1\">En el cas dels curr\u00edculums les dades es conservaran durant un any.<\/li>\n<\/ul>\n<p><b>Quina \u00e9s la legitimaci\u00f3 per al tractament de les seves dades?<\/b><\/p>\n<p>Per a la gesti\u00f3 de la relaci\u00f3 contractual amb l\u2019interessat\u00a0 basarem el tractament de les dades en l&#8217;execuci\u00f3 del contracte o en el marc de la relaci\u00f3 precontractual.<\/p>\n<p>Per a l&#8217;enviament d&#8217;informaci\u00f3 comercial basarem el tractament en el seu consentiment, tot i que si ja \u00e9s client nostre,\u00a0 podrem enviar-li informaci\u00f3 sobre els nostres productes i serveis, proporcionant sempre un mitj\u00e0 senzill i gratu\u00eft per a donar-se de baixa, d\u2019acord amb el que disposa l\u2019article 21.2 de la Llei 34\/2002, d\u201911 de juliol, de serveis de la societat de la informaci\u00f3 i de comer\u00e7 electr\u00f2nic.<\/p>\n<p>Respecte a aquella informaci\u00f3 que sigui remesa per menors de 14 anys, ser\u00e0 requisit imprescindible que es faci amb el consentiment patern, del tutor o del legal representant del menor perqu\u00e8 les dades personals puguin ser objecte de tractament. Si no \u00e9s aix\u00ed, el representant legal del menor ens ho ha de comunicar tan aviat com en tingui coneixement.<\/p>\n<p>Pel que fa a la recollida de dades a la captaci\u00f3 d&#8217;imatges pel sistema de videovigil\u00e0ncia, la legitimaci\u00f3 ve donada per l&#8217;inter\u00e8s leg\u00edtim de preservar la seguretat de les persones i b\u00e9ns.<\/p>\n<p><b>A quins destinataris es comunicaran les seves dades?<\/b><\/p>\n<p>Les dades no seran comunicades a tercers, llevat que ho exigeixi una llei o sigui necessari per complir amb la finalitat del tractament.<\/p>\n<p><b>Quins s\u00f3n els seus drets quan ens facilita les seves dades?<\/b><\/p>\n<ul>\n<li aria-level=\"1\">Qualsevol persona t\u00e9 dret a obtenir confirmaci\u00f3 sobre si estem tractant o no\u00a0 les seves dades personals.<\/li>\n<li aria-level=\"1\">Les persones interessades tenen dret a <b>accedir <\/b>a les seves dades personals, aix\u00ed com a sol\u00b7licitar la <b>rectificaci\u00f3 <\/b>de les dades inexactes o, si escau, sol\u00b7licitar la seva <b>supressi\u00f3 <\/b>quan, entre d&#8217;altres motius, les dades ja no siguin necess\u00e0ries per a les finalitats per a les que es van recollir.<\/li>\n<li aria-level=\"1\">En determinades circumst\u00e0ncies els interessats podran sol\u00b7licitar la <b>limitaci\u00f3 del tractament<\/b> de les seves dades, en aquest cas \u00fanicament les conservarem per a l&#8217;exercici o la defensa de reclamacions.<\/li>\n<li aria-level=\"1\">Tamb\u00e9, en determinades circumst\u00e0ncies i per motius relacionats amb la seva situaci\u00f3 particular, els interessats es poden <b>oposar al tractament<\/b> de les seves dades. En aquest cas deixarem de tractar-les, excepte per motius leg\u00edtims imperiosos o per a l&#8217;exercici o la defensa de possibles reclamacions.<\/li>\n<li aria-level=\"1\">Els interessats tamb\u00e9 tenen dret a la <b>portabilitat <\/b>de les seves dades.<\/li>\n<\/ul>\n<ul>\n<li aria-level=\"1\">Qualsevol interessat t\u00e9 dret a <b>no ser objecte d&#8217;una decisi\u00f3 basada \u00fanicament en el tractament automatitzat,<\/b> inclosa l&#8217;elaboraci\u00f3 de perfils, que produeixi efectes jur\u00eddics que l\u2019afectin o que l\u2019afectin significativament de manera similar.<\/li>\n<li aria-level=\"1\">Finalment, els interessats tenen dret a presentar una reclamaci\u00f3 davant l&#8217;Autoritat de Control competent.<\/li>\n<\/ul>\n<p><b>Com pot exercir els seus drets?\u00a0<\/b><\/p>\n<p>Enviant-nos un escrit adjuntant una c\u00f2pia d\u2019un document que l\u2019identifiqui,\u00a0 a la nostra adre\u00e7a f\u00edsica o a l\u2019electr\u00f2nica.<\/p>\n<p><b>Com hem obtingut les seves dades?<\/b><\/p>\n<p>Les dades personals que tractem procedeixen del propi interessat, qui garanteix que les dades personals facilitades s\u00f3n certes i es fa responsable de comunicar-ne qualsevol modificaci\u00f3. Les dades que estiguin marcades amb un asterisc s\u00f3n obligat\u00f2ries per poder donar-li el servei sol\u00b7licitat.<\/p>\n<p><b>Quines dades tractem?<\/b><\/p>\n<p>Les categories de dades que\u00a0 podem tractar s\u00f3n:<\/p>\n<ul>\n<li aria-level=\"1\">Dades de car\u00e0cter identificatiu<\/li>\n<li aria-level=\"1\">Adreces postals o electr\u00f2niques<\/li>\n<\/ul>\n<p>En el cas del sistema de videovigil\u00e0ncia:<\/p>\n<ul>\n<li aria-level=\"1\">Imatge<\/li>\n<\/ul>\n<p>En el cas dels curr\u00edculums, tamb\u00e9:<\/p>\n<ul>\n<li aria-level=\"1\">Caracter\u00edstiques personals<\/li>\n<li aria-level=\"1\">Acad\u00e8miques i professional<\/li>\n<\/ul>\n<p>Les dades s\u00f3n limitades, at\u00e8s que \u00fanicament tractem les dades necess\u00e0ries per a la prestaci\u00f3 dels nostres serveis i la gesti\u00f3 de la nostra activitat.<\/p>\n<p><b>Realitzem transfer\u00e8ncies internacionals de dades?<\/b><\/p>\n<p>L&#8217;\u00fas de cookies anal\u00edtiques de Google (incloses les cookies de youtube) i de m\u00e0rqueting de Facebook implica una transmissi\u00f3 de dades a aquestes companyies ubicades als Estats Units d&#8217;Am\u00e8rica, Els Estats Units i la Uni\u00f3 Europea tenen un acord Marc de Privadesa aprovat per la Decisi\u00f3 d&#8217;Execuci\u00f3 de la Comissi\u00f3 de 10.7.2023 d&#8217;acord amb el Reglament (UE) 2016\/679 del Parlament Europeu i del Consell. Pot trobar m\u00e9s informaci\u00f3 en la pol\u00edtica de privacitat de<a href=\"https:\/\/policies.google.com\/privacy?hl=es\"> Google<\/a> i en <a href=\"https:\/\/es-es.facebook.com\/privacy\/policy\/?section_id=9-HowDoWeTransfer\">Meta (facebook).<\/a><\/p>\n<p><b>Utilitzem cookies?<\/b><\/p>\n<p>Utilitzem cookies durant la navegaci\u00f3 a la nostra web amb el consentiment de l\u2019usuari.<\/p>\n<p>L&#8217;usuari pot configurar el seu navegador perqu\u00e8 l&#8217;avisi de la utilitzaci\u00f3 de cookies i per evitar-ne el seu \u00fas. Si us plau, visiti la nostra pol\u00edtica de cookies.<\/p>\n<p><b>Quines mesures de seguretat apliquem?<\/b><\/p>\n<p>Apliquem les mesures de seguretat establertes a l&#8217;article 32 del RGPD, per tant hem adoptat les mesures de seguretat necess\u00e0ries per garantir un nivell de seguretat adequat al risc del tractament de dades que realitzem, amb mecanismes que ens permeten garantir la confidencialitat, integritat, disponibilitat i resili\u00e8ncia permanent dels sistemes i serveis de tractament.<\/p>\n<p>Algunes d\u2019aquestes mesures s\u00f3n:<\/p>\n<ul>\n<li aria-level=\"1\">Informaci\u00f3 de les pol\u00edtiques de tractament de dades al personal.<\/li>\n<li aria-level=\"1\">Realitzaci\u00f3 de\u00a0 c\u00f2pies de seguretat peri\u00f2diques.<\/li>\n<li aria-level=\"1\">Control d&#8217;acc\u00e9s a les dades.<\/li>\n<li aria-level=\"1\">Processos de verificaci\u00f3, avaluaci\u00f3 i valoraci\u00f3 regulars.<\/li>\n<\/ul>\n<p><b>Com tractem les dades per compte de tercers?<\/b><\/p>\n<p>La tipologia de dades, la categoria d\u2019interessats i els tractaments que podrem realitzar per compte dels nostres clients, s\u2019establiran en el corresponent contracte de tractament de dades.<\/p>\n<\/div><\/div><div class=\"w-separator size_large\"><\/div><\/div><\/div><\/div><\/div><\/section><section class=\"l-section wpb_row height_auto\"><div class=\"l-section-h i-cf\"><div class=\"g-cols vc_row via_grid cols_1 laptops-cols_inherit tablets-cols_inherit mobiles-cols_1 valign_top type_default stacking_default\"><div class=\"wpb_column vc_column_container\"><div class=\"vc_column-inner\"><div class=\"w-html\"><div class=\"floating-left\"><a href=\"tel:+34931987045\">TRUCA'NS 931 987 045<\/a><\/div><\/div><\/div><\/div><\/div><\/div><\/section>\n","protected":false},"excerpt":{"rendered":"Pol\u00edtica de PrivacitatEXPANSIVA SEGURETAT, SL es compromet a protegir la privacitat dels usuaris que accedeixin a aquesta web i\/o qualsevol dels seus serveis. La utilitzaci\u00f3 de la web i\/o de qualsevol dels serveis oferts per EXPANSIVA SEGURETAT, SL implica l&#8217;acceptaci\u00f3 per l&#8217;usuari de les disposicions contingudes en la present Pol\u00edtica de Privacitat i que les...","protected":false},"author":1,"featured_media":0,"parent":0,"menu_order":0,"comment_status":"closed","ping_status":"closed","template":"","meta":{"_joinchat":[],"footnotes":""},"class_list":["post-2640","page","type-page","status-publish","hentry"],"_links":{"self":[{"href":"https:\/\/expansiva.com\/ca\/wp-json\/wp\/v2\/pages\/2640","targetHints":{"allow":["GET"]}}],"collection":[{"href":"https:\/\/expansiva.com\/ca\/wp-json\/wp\/v2\/pages"}],"about":[{"href":"https:\/\/expansiva.com\/ca\/wp-json\/wp\/v2\/types\/page"}],"author":[{"embeddable":true,"href":"https:\/\/expansiva.com\/ca\/wp-json\/wp\/v2\/users\/1"}],"replies":[{"embeddable":true,"href":"https:\/\/expansiva.com\/ca\/wp-json\/wp\/v2\/comments?post=2640"}],"version-history":[{"count":4,"href":"https:\/\/expansiva.com\/ca\/wp-json\/wp\/v2\/pages\/2640\/revisions"}],"predecessor-version":[{"id":12728,"href":"https:\/\/expansiva.com\/ca\/wp-json\/wp\/v2\/pages\/2640\/revisions\/12728"}],"wp:attachment":[{"href":"https:\/\/expansiva.com\/ca\/wp-json\/wp\/v2\/media?parent=2640"}],"curies":[{"name":"wp","href":"https:\/\/api.w.org\/{rel}","templated":true}]}}